{"id":30,"date":"2026-01-29T14:48:01","date_gmt":"2026-01-29T13:48:01","guid":{"rendered":"https:\/\/wp05.btsndrc-ifce.fr\/?page_id=30"},"modified":"2026-02-05T16:14:27","modified_gmt":"2026-02-05T15:14:27","slug":"ohmyfood","status":"publish","type":"page","link":"https:\/\/wp05.btsndrc-ifce.fr\/?page_id=30","title":{"rendered":"Ohmyfood"},"content":{"rendered":"\n<figure class=\"wp-block-gallery has-nested-images columns-default is-cropped wp-block-gallery-1 is-layout-flex wp-block-gallery-is-layout-flex\">\n<figure class=\"wp-block-image size-large\"><img loading=\"lazy\" decoding=\"async\" width=\"392\" height=\"68\" data-id=\"36\" src=\"https:\/\/wp05.btsndrc-ifce.fr\/wp-content\/uploads\/2026\/02\/2026-01-29_ohmyfood.png\" alt=\"\" class=\"wp-image-36\" srcset=\"https:\/\/wp05.btsndrc-ifce.fr\/wp-content\/uploads\/2026\/02\/2026-01-29_ohmyfood.png 392w, https:\/\/wp05.btsndrc-ifce.fr\/wp-content\/uploads\/2026\/02\/2026-01-29_ohmyfood-300x52.png 300w\" sizes=\"auto, (max-width: 392px) 100vw, 392px\" \/><\/figure>\n<\/figure>\n\n\n\n<hr class=\"wp-block-separator has-alpha-channel-opacity\"\/>\n\n\n\n<div class=\"wp-block-columns is-not-stacked-on-mobile is-layout-flex wp-container-core-columns-is-layout-28f84493 wp-block-columns-is-layout-flex\">\n<div class=\"wp-block-column is-layout-flow wp-block-column-is-layout-flow\">\n<div class=\"wp-block-font-awesome-icon wp-font-awesome-icon\"><svg aria-hidden=\"true\" focusable=\"false\" data-prefix=\"fas\" data-icon=\"location-dot\" class=\"svg-inline--fa fa-location-dot \" role=\"img\" xmlns=\"http:\/\/www.w3.org\/2000\/svg\" viewBox=\"0 0 384 512\"><path fill=\"currentColor\" d=\"M0 188.6C0 84.4 86 0 192 0S384 84.4 384 188.6c0 119.3-120.2 262.3-170.4 316.8-11.8 12.8-31.5 12.8-43.3 0-50.2-54.5-170.4-197.5-170.4-316.8zM192 256a64 64 0 1 0 0-128 64 64 0 1 0 0 128z\"><\/path><\/svg><\/div>\n<\/div>\n\n\n\n<div class=\"wp-block-column is-layout-flow wp-block-column-is-layout-flow\">\n<p data-wp-context---core-fit-text=\"core\/fit-text::{&quot;fontSize&quot;:&quot;&quot;}\" data-wp-init---core-fit-text=\"core\/fit-text::callbacks.init\" data-wp-interactive data-wp-style--font-size=\"core\/fit-text::context.fontSize\" class=\"has-fit-text\">Paris, Belleville<\/p>\n<\/div>\n<\/div>\n\n\n\n<hr class=\"wp-block-separator has-alpha-channel-opacity\"\/>\n\n\n\n<p class=\"has-text-align-center has-large-font-size\"><strong>R\u00e9servez le menu qui vous convient<\/strong><\/p>\n\n\n\n<p class=\"has-text-align-center has-small-font-size\">D\u00e9couvrez des restaurants d&rsquo;exception s\u00e9lectionner par nos soins<\/p>\n\n\n\n<div class=\"wp-block-buttons alignwide is-content-justification-center is-layout-flex wp-container-core-buttons-is-layout-a89b3969 wp-block-buttons-is-layout-flex\">\n<div class=\"wp-block-button has-custom-width wp-block-button__width-100 is-style-fill\"><a class=\"wp-block-button__link has-accent-3-background-color has-background wp-element-button\">Explorer nos restaurants<\/a><\/div>\n<\/div>\n\n\n\n<hr class=\"wp-block-separator has-alpha-channel-opacity\"\/>\n\n\n\n<p><strong>Fonctionnement<\/strong><\/p>\n\n\n\n<div class=\"wp-block-columns is-not-stacked-on-mobile is-layout-flex wp-container-core-columns-is-layout-28f84493 wp-block-columns-is-layout-flex\">\n<div class=\"wp-block-column has-accent-6-background-color has-background is-layout-flow wp-block-column-is-layout-flow\" style=\"border-top-left-radius:49px;border-top-right-radius:49px;border-bottom-left-radius:49px;border-bottom-right-radius:49px\">\n<div class=\"wp-block-columns is-not-stacked-on-mobile is-layout-flex wp-container-core-columns-is-layout-28f84493 wp-block-columns-is-layout-flex\">\n<div class=\"wp-block-column is-layout-flow wp-block-column-is-layout-flow\">\n<div class=\"wp-block-font-awesome-icon wp-font-awesome-icon\"><svg aria-hidden=\"true\" focusable=\"false\" data-prefix=\"fas\" data-icon=\"1\" class=\"svg-inline--fa fa-1 \" role=\"img\" xmlns=\"http:\/\/www.w3.org\/2000\/svg\" viewBox=\"0 0 256 512\"><path fill=\"currentColor\" d=\"M32 32C14.3 32 0 46.3 0 64S14.3 96 32 96l64 0 0 320-64 0c-17.7 0-32 14.3-32 32s14.3 32 32 32l192 0c17.7 0 32-14.3 32-32s-14.3-32-32-32l-64 0 0-352c0-17.7-14.3-32-32-32L32 32z\"><\/path><\/svg><\/div>\n<\/div>\n\n\n\n<div class=\"wp-block-column is-layout-flow wp-block-column-is-layout-flow\">\n<div class=\"wp-block-columns is-not-stacked-on-mobile is-layout-flex wp-container-core-columns-is-layout-28f84493 wp-block-columns-is-layout-flex\">\n<div class=\"wp-block-column is-layout-flow wp-block-column-is-layout-flow\">\n<div class=\"wp-block-font-awesome-icon wp-font-awesome-icon\"><svg aria-hidden=\"true\" focusable=\"false\" data-prefix=\"fas\" data-icon=\"mobile-screen\" class=\"svg-inline--fa fa-mobile-screen \" role=\"img\" xmlns=\"http:\/\/www.w3.org\/2000\/svg\" viewBox=\"0 0 384 512\"><path fill=\"currentColor\" d=\"M16 64C16 28.7 44.7 0 80 0L304 0c35.3 0 64 28.7 64 64l0 384c0 35.3-28.7 64-64 64L80 512c-35.3 0-64-28.7-64-64L16 64zM128 440c0 13.3 10.7 24 24 24l80 0c13.3 0 24-10.7 24-24s-10.7-24-24-24l-80 0c-13.3 0-24 10.7-24 24zM304 64l-224 0 0 304 224 0 0-304z\"><\/path><\/svg><\/div>\n<\/div>\n\n\n\n<div class=\"wp-block-column is-layout-flow wp-block-column-is-layout-flow\">\n<p class=\"has-small-font-size\">Choisissez un restaurant<\/p>\n<\/div>\n<\/div>\n<\/div>\n<\/div>\n<\/div>\n<\/div>\n\n\n\n<div class=\"wp-block-columns is-layout-flex wp-container-core-columns-is-layout-28f84493 wp-block-columns-is-layout-flex\">\n<div class=\"wp-block-column is-layout-flow wp-block-column-is-layout-flow\"><\/div>\n\n\n\n<div class=\"wp-block-column is-layout-flow wp-block-column-is-layout-flow\"><\/div>\n<\/div>\n","protected":false},"excerpt":{"rendered":"<p>Paris, Belleville R\u00e9servez le menu qui vous convient D\u00e9couvrez des restaurants d&rsquo;exception s\u00e9lectionner par nos soins Fonctionnement Choisissez un restaurant<\/p>\n","protected":false},"author":1,"featured_media":0,"parent":0,"menu_order":0,"comment_status":"closed","ping_status":"closed","template":"","meta":{"_uag_custom_page_level_css":"","site-sidebar-layout":"default","site-content-layout":"","ast-site-content-layout":"default","site-content-style":"default","site-sidebar-style":"default","ast-global-header-display":"","ast-banner-title-visibility":"","ast-main-header-display":"","ast-hfb-above-header-display":"","ast-hfb-below-header-display":"","ast-hfb-mobile-header-display":"","site-post-title":"","ast-breadcrumbs-content":"","ast-featured-img":"","footer-sml-layout":"","ast-disable-related-posts":"","theme-transparent-header-meta":"","adv-header-id-meta":"","stick-header-meta":"","header-above-stick-meta":"","header-main-stick-meta":"","header-below-stick-meta":"","astra-migrate-meta-layouts":"default","ast-page-background-enabled":"default","ast-page-background-meta":{"desktop":{"background-color":"var(--ast-global-color-5)","background-image":"","background-repeat":"repeat","background-position":"center center","background-size":"auto","background-attachment":"scroll","background-type":"","background-media":"","overlay-type":"","overlay-color":"","overlay-opacity":"","overlay-gradient":""},"tablet":{"background-color":"","background-image":"","background-repeat":"repeat","background-position":"center center","background-size":"auto","background-attachment":"scroll","background-type":"","background-media":"","overlay-type":"","overlay-color":"","overlay-opacity":"","overlay-gradient":""},"mobile":{"background-color":"","background-image":"","background-repeat":"repeat","background-position":"center center","background-size":"auto","background-attachment":"scroll","background-type":"","background-media":"","overlay-type":"","overlay-color":"","overlay-opacity":"","overlay-gradient":""}},"ast-content-background-meta":{"desktop":{"background-color":"var(--ast-global-color-4)","background-image":"","background-repeat":"repeat","background-position":"center center","background-size":"auto","background-attachment":"scroll","background-type":"","background-media":"","overlay-type":"","overlay-color":"","overlay-opacity":"","overlay-gradient":""},"tablet":{"background-color":"var(--ast-global-color-4)","background-image":"","background-repeat":"repeat","background-position":"center center","background-size":"auto","background-attachment":"scroll","background-type":"","background-media":"","overlay-type":"","overlay-color":"","overlay-opacity":"","overlay-gradient":""},"mobile":{"background-color":"var(--ast-global-color-4)","background-image":"","background-repeat":"repeat","background-position":"center center","background-size":"auto","background-attachment":"scroll","background-type":"","background-media":"","overlay-type":"","overlay-color":"","overlay-opacity":"","overlay-gradient":""}},"footnotes":""},"class_list":["post-30","page","type-page","status-publish","hentry"],"yoast_head":"<!-- This site is optimized with the Yoast SEO plugin v27.2 - https:\/\/yoast.com\/product\/yoast-seo-wordpress\/ -->\n<title>Ohmyfood - BTS NDRC - WordPress wp05<\/title>\n<meta name=\"robots\" content=\"index, follow, max-snippet:-1, max-image-preview:large, max-video-preview:-1\" \/>\n<link rel=\"canonical\" href=\"https:\/\/wp05.btsndrc-ifce.fr\/?page_id=30\" \/>\n<meta property=\"og:locale\" content=\"fr_FR\" \/>\n<meta property=\"og:type\" content=\"article\" \/>\n<meta property=\"og:title\" content=\"Ohmyfood - BTS NDRC - WordPress wp05\" \/>\n<meta property=\"og:description\" content=\"Paris, Belleville R\u00e9servez le menu qui vous convient D\u00e9couvrez des restaurants d&rsquo;exception s\u00e9lectionner par nos soins Fonctionnement Choisissez un restaurant\" \/>\n<meta property=\"og:url\" content=\"https:\/\/wp05.btsndrc-ifce.fr\/?page_id=30\" \/>\n<meta property=\"og:site_name\" content=\"BTS NDRC - WordPress wp05\" \/>\n<meta property=\"article:modified_time\" content=\"2026-02-05T15:14:27+00:00\" \/>\n<meta property=\"og:image\" content=\"https:\/\/wp05.btsndrc-ifce.fr\/wp-content\/uploads\/2026\/02\/2026-01-29_ohmyfood.png\" \/>\n\t<meta property=\"og:image:width\" content=\"392\" \/>\n\t<meta property=\"og:image:height\" content=\"68\" \/>\n\t<meta property=\"og:image:type\" content=\"image\/png\" \/>\n<meta name=\"twitter:card\" content=\"summary_large_image\" \/>\n<script type=\"application\/ld+json\" class=\"yoast-schema-graph\">{\"@context\":\"https:\/\/schema.org\",\"@graph\":[{\"@type\":\"WebPage\",\"@id\":\"https:\/\/wp05.btsndrc-ifce.fr\/?page_id=30\",\"url\":\"https:\/\/wp05.btsndrc-ifce.fr\/?page_id=30\",\"name\":\"Ohmyfood - BTS NDRC - WordPress wp05\",\"isPartOf\":{\"@id\":\"https:\/\/wp05.btsndrc-ifce.fr\/#website\"},\"primaryImageOfPage\":{\"@id\":\"https:\/\/wp05.btsndrc-ifce.fr\/?page_id=30#primaryimage\"},\"image\":{\"@id\":\"https:\/\/wp05.btsndrc-ifce.fr\/?page_id=30#primaryimage\"},\"thumbnailUrl\":\"https:\/\/wp05.btsndrc-ifce.fr\/wp-content\/uploads\/2026\/02\/2026-01-29_ohmyfood.png\",\"datePublished\":\"2026-01-29T13:48:01+00:00\",\"dateModified\":\"2026-02-05T15:14:27+00:00\",\"breadcrumb\":{\"@id\":\"https:\/\/wp05.btsndrc-ifce.fr\/?page_id=30#breadcrumb\"},\"inLanguage\":\"fr-FR\",\"potentialAction\":[{\"@type\":\"ReadAction\",\"target\":[\"https:\/\/wp05.btsndrc-ifce.fr\/?page_id=30\"]}]},{\"@type\":\"ImageObject\",\"inLanguage\":\"fr-FR\",\"@id\":\"https:\/\/wp05.btsndrc-ifce.fr\/?page_id=30#primaryimage\",\"url\":\"https:\/\/wp05.btsndrc-ifce.fr\/wp-content\/uploads\/2026\/02\/2026-01-29_ohmyfood.png\",\"contentUrl\":\"https:\/\/wp05.btsndrc-ifce.fr\/wp-content\/uploads\/2026\/02\/2026-01-29_ohmyfood.png\",\"width\":392,\"height\":68},{\"@type\":\"BreadcrumbList\",\"@id\":\"https:\/\/wp05.btsndrc-ifce.fr\/?page_id=30#breadcrumb\",\"itemListElement\":[{\"@type\":\"ListItem\",\"position\":1,\"name\":\"Accueil\",\"item\":\"https:\/\/wp05.btsndrc-ifce.fr\/\"},{\"@type\":\"ListItem\",\"position\":2,\"name\":\"Ohmyfood\"}]},{\"@type\":\"WebSite\",\"@id\":\"https:\/\/wp05.btsndrc-ifce.fr\/#website\",\"url\":\"https:\/\/wp05.btsndrc-ifce.fr\/\",\"name\":\"BTS NDRC - WordPress wp05\",\"description\":\"\",\"potentialAction\":[{\"@type\":\"SearchAction\",\"target\":{\"@type\":\"EntryPoint\",\"urlTemplate\":\"https:\/\/wp05.btsndrc-ifce.fr\/?s={search_term_string}\"},\"query-input\":{\"@type\":\"PropertyValueSpecification\",\"valueRequired\":true,\"valueName\":\"search_term_string\"}}],\"inLanguage\":\"fr-FR\"}]}<\/script>\n<!-- \/ Yoast SEO plugin. -->","yoast_head_json":{"title":"Ohmyfood - BTS NDRC - WordPress wp05","robots":{"index":"index","follow":"follow","max-snippet":"max-snippet:-1","max-image-preview":"max-image-preview:large","max-video-preview":"max-video-preview:-1"},"canonical":"https:\/\/wp05.btsndrc-ifce.fr\/?page_id=30","og_locale":"fr_FR","og_type":"article","og_title":"Ohmyfood - BTS NDRC - WordPress wp05","og_description":"Paris, Belleville R\u00e9servez le menu qui vous convient D\u00e9couvrez des restaurants d&rsquo;exception s\u00e9lectionner par nos soins Fonctionnement Choisissez un restaurant","og_url":"https:\/\/wp05.btsndrc-ifce.fr\/?page_id=30","og_site_name":"BTS NDRC - WordPress wp05","article_modified_time":"2026-02-05T15:14:27+00:00","og_image":[{"width":392,"height":68,"url":"https:\/\/wp05.btsndrc-ifce.fr\/wp-content\/uploads\/2026\/02\/2026-01-29_ohmyfood.png","type":"image\/png"}],"twitter_card":"summary_large_image","schema":{"@context":"https:\/\/schema.org","@graph":[{"@type":"WebPage","@id":"https:\/\/wp05.btsndrc-ifce.fr\/?page_id=30","url":"https:\/\/wp05.btsndrc-ifce.fr\/?page_id=30","name":"Ohmyfood - BTS NDRC - WordPress wp05","isPartOf":{"@id":"https:\/\/wp05.btsndrc-ifce.fr\/#website"},"primaryImageOfPage":{"@id":"https:\/\/wp05.btsndrc-ifce.fr\/?page_id=30#primaryimage"},"image":{"@id":"https:\/\/wp05.btsndrc-ifce.fr\/?page_id=30#primaryimage"},"thumbnailUrl":"https:\/\/wp05.btsndrc-ifce.fr\/wp-content\/uploads\/2026\/02\/2026-01-29_ohmyfood.png","datePublished":"2026-01-29T13:48:01+00:00","dateModified":"2026-02-05T15:14:27+00:00","breadcrumb":{"@id":"https:\/\/wp05.btsndrc-ifce.fr\/?page_id=30#breadcrumb"},"inLanguage":"fr-FR","potentialAction":[{"@type":"ReadAction","target":["https:\/\/wp05.btsndrc-ifce.fr\/?page_id=30"]}]},{"@type":"ImageObject","inLanguage":"fr-FR","@id":"https:\/\/wp05.btsndrc-ifce.fr\/?page_id=30#primaryimage","url":"https:\/\/wp05.btsndrc-ifce.fr\/wp-content\/uploads\/2026\/02\/2026-01-29_ohmyfood.png","contentUrl":"https:\/\/wp05.btsndrc-ifce.fr\/wp-content\/uploads\/2026\/02\/2026-01-29_ohmyfood.png","width":392,"height":68},{"@type":"BreadcrumbList","@id":"https:\/\/wp05.btsndrc-ifce.fr\/?page_id=30#breadcrumb","itemListElement":[{"@type":"ListItem","position":1,"name":"Accueil","item":"https:\/\/wp05.btsndrc-ifce.fr\/"},{"@type":"ListItem","position":2,"name":"Ohmyfood"}]},{"@type":"WebSite","@id":"https:\/\/wp05.btsndrc-ifce.fr\/#website","url":"https:\/\/wp05.btsndrc-ifce.fr\/","name":"BTS NDRC - WordPress wp05","description":"","potentialAction":[{"@type":"SearchAction","target":{"@type":"EntryPoint","urlTemplate":"https:\/\/wp05.btsndrc-ifce.fr\/?s={search_term_string}"},"query-input":{"@type":"PropertyValueSpecification","valueRequired":true,"valueName":"search_term_string"}}],"inLanguage":"fr-FR"}]}},"uagb_featured_image_src":{"full":false,"thumbnail":false,"medium":false,"medium_large":false,"large":false,"1536x1536":false,"2048x2048":false},"uagb_author_info":{"display_name":"ndrc_wp05","author_link":"https:\/\/wp05.btsndrc-ifce.fr\/?author=1"},"uagb_comment_info":0,"uagb_excerpt":"Paris, Belleville R\u00e9servez le menu qui vous convient D\u00e9couvrez des restaurants d&rsquo;exception s\u00e9lectionner par nos soins Fonctionnement Choisissez un restaurant","_links":{"self":[{"href":"https:\/\/wp05.btsndrc-ifce.fr\/index.php?rest_route=\/wp\/v2\/pages\/30","targetHints":{"allow":["GET"]}}],"collection":[{"href":"https:\/\/wp05.btsndrc-ifce.fr\/index.php?rest_route=\/wp\/v2\/pages"}],"about":[{"href":"https:\/\/wp05.btsndrc-ifce.fr\/index.php?rest_route=\/wp\/v2\/types\/page"}],"author":[{"embeddable":true,"href":"https:\/\/wp05.btsndrc-ifce.fr\/index.php?rest_route=\/wp\/v2\/users\/1"}],"replies":[{"embeddable":true,"href":"https:\/\/wp05.btsndrc-ifce.fr\/index.php?rest_route=%2Fwp%2Fv2%2Fcomments&post=30"}],"version-history":[{"count":3,"href":"https:\/\/wp05.btsndrc-ifce.fr\/index.php?rest_route=\/wp\/v2\/pages\/30\/revisions"}],"predecessor-version":[{"id":39,"href":"https:\/\/wp05.btsndrc-ifce.fr\/index.php?rest_route=\/wp\/v2\/pages\/30\/revisions\/39"}],"wp:attachment":[{"href":"https:\/\/wp05.btsndrc-ifce.fr\/index.php?rest_route=%2Fwp%2Fv2%2Fmedia&parent=30"}],"curies":[{"name":"wp","href":"https:\/\/api.w.org\/{rel}","templated":true}]}}