{"id":11,"date":"2026-01-22T14:51:46","date_gmt":"2026-01-22T13:51:46","guid":{"rendered":"https:\/\/wp05.btsndrc-ifce.fr\/?page_id=11"},"modified":"2026-01-29T16:29:09","modified_gmt":"2026-01-29T15:29:09","slug":"exercice-1","status":"publish","type":"page","link":"https:\/\/wp05.btsndrc-ifce.fr\/?page_id=11","title":{"rendered":"Exercice 1"},"content":{"rendered":"\n<p class=\"has-text-align-center\">Introduction<\/p>\n\n\n\n<p class=\"has-text-align-center has-small-font-size\">Bienvenue sur cette page mod\u00e8le. Elle pr\u00e9sente les blocs essentiels \u00e0 utiliser sur WordPress : titres, texte, tableaux, citations, colonnes, galerie et ic\u00f4nes.<\/p>\n\n\n\n<figure class=\"wp-block-table has-small-font-size\"><table class=\"has-fixed-layout\"><tbody><tr><td class=\"has-text-align-center\" data-align=\"center\">\u00ab Une page claire, c\u2019est une page qui guide l\u2019utilisateur sans le faire r\u00e9fl\u00e9chir. \u00bb<\/td><\/tr><\/tbody><\/table><\/figure>\n\n\n\n<p>Sous-parties<\/p>\n\n\n\n<p>Un sous-titre<\/p>\n\n\n\n<p>Ici, tu peux ajouter un paragraphe classique pour d\u00e9velopper une id\u00e9e, pr\u00e9senter une offre ou expliquer un processus.<\/p>\n\n\n\n<div class=\"wp-block-group is-layout-constrained wp-block-group-is-layout-constrained\">\n<figure class=\"wp-block-table is-style-stripes\"><table class=\"has-contrast-color has-text-color has-link-color has-fixed-layout\"><tbody><tr><td>\u00c9l\u00e9ment<\/td><td>Objectif<\/td><td>Exemple<\/td><\/tr><tr><td>H2<\/td><td>Structurer la page<\/td><td>\u00ab\u00a0Nos services\u00a0\u00bb<\/td><\/tr><tr><td>H3<\/td><td>D\u00e9tail d&rsquo;une section<\/td><td>\u00ab\u00a0Cr\u00e9ation de site\u00a0\u00bb<\/td><\/tr><tr><td>Tableau<\/td><td>Comparer \/ r\u00e9sumer<\/td><td>\u00ab\u00a0Offres &amp; options\u00a0\u00bb<\/td><\/tr><\/tbody><\/table><\/figure>\n<\/div>\n\n\n\n<p class=\"has-medium-font-size\">Colonnes<\/p>\n\n\n\n<div class=\"wp-block-columns is-layout-flex wp-container-core-columns-is-layout-28f84493 wp-block-columns-is-layout-flex\">\n<div class=\"wp-block-column is-layout-flow wp-block-column-is-layout-flow\">\n<div class=\"wp-block-columns is-layout-flex wp-container-core-columns-is-layout-28f84493 wp-block-columns-is-layout-flex\">\n<div class=\"wp-block-column is-layout-flow wp-block-column-is-layout-flow\">\n<div class=\"wp-block-columns is-layout-flex wp-container-core-columns-is-layout-28f84493 wp-block-columns-is-layout-flex\">\n<div class=\"wp-block-column is-layout-flow wp-block-column-is-layout-flow\">\n<figure class=\"wp-block-image size-full\"><img loading=\"lazy\" decoding=\"async\" width=\"834\" height=\"603\" src=\"https:\/\/wp05.btsndrc-ifce.fr\/wp-content\/uploads\/2026\/01\/Capture-decran-139-1.png\" alt=\"\" class=\"wp-image-14\" srcset=\"https:\/\/wp05.btsndrc-ifce.fr\/wp-content\/uploads\/2026\/01\/Capture-decran-139-1.png 834w, https:\/\/wp05.btsndrc-ifce.fr\/wp-content\/uploads\/2026\/01\/Capture-decran-139-1-300x217.png 300w, https:\/\/wp05.btsndrc-ifce.fr\/wp-content\/uploads\/2026\/01\/Capture-decran-139-1-768x555.png 768w\" sizes=\"auto, (max-width: 834px) 100vw, 834px\" \/><\/figure>\n<\/div>\n\n\n\n<div class=\"wp-block-column is-layout-flow wp-block-column-is-layout-flow\">\n<p class=\"has-small-font-size\">Titre du bloc<\/p>\n\n\n\n<ul class=\"wp-block-list\">\n<li class=\"has-small-font-size\">Point 1<\/li>\n\n\n\n<li class=\"has-small-font-size\">Point 2<\/li>\n\n\n\n<li class=\"has-small-font-size\">Point 3<\/li>\n<\/ul>\n<\/div>\n\n\n\n<div class=\"wp-block-column is-layout-flow wp-block-column-is-layout-flow\">\n<figure class=\"wp-block-image size-full\"><img decoding=\"async\" src=\"https:\/\/wp05.btsndrc-ifce.fr\/wp-content\/uploads\/2026\/01\/Capture-decran-140.png\" alt=\"\" class=\"wp-image-13\"\/><\/figure>\n<\/div>\n<\/div>\n<\/div>\n<\/div>\n<\/div>\n<\/div>\n\n\n\n<div class=\"wp-block-columns is-layout-flex wp-container-core-columns-is-layout-28f84493 wp-block-columns-is-layout-flex\">\n<div class=\"wp-block-column has-small-font-size is-layout-flow wp-block-column-is-layout-flow\" style=\"padding-right:0;padding-left:0\">\n<p>Titre du bloc<\/p>\n\n\n\n<p>Un texte d\u2019illustration paragraphique.<\/p>\n\n\n\n<figure class=\"wp-block-table alignleft has-small-font-size\" style=\"margin-top:0;margin-right:var(--wp--preset--spacing--70);margin-bottom:0;margin-left:var(--wp--preset--spacing--70)\"><table class=\"has-accent-4-background-color has-background has-fixed-layout\" style=\"border-style:none;border-width:0px\"><tbody><tr><td class=\"has-text-align-center\" data-align=\"center\">En savoir plus<\/td><\/tr><\/tbody><\/table><\/figure>\n<\/div>\n\n\n\n<div class=\"wp-block-column is-layout-flow wp-block-column-is-layout-flow\">\n<figure class=\"wp-block-image size-full\"><img loading=\"lazy\" decoding=\"async\" width=\"457\" height=\"157\" src=\"https:\/\/wp05.btsndrc-ifce.fr\/wp-content\/uploads\/2026\/01\/Capture-decran-141.png\" alt=\"\" class=\"wp-image-15\" srcset=\"https:\/\/wp05.btsndrc-ifce.fr\/wp-content\/uploads\/2026\/01\/Capture-decran-141.png 457w, https:\/\/wp05.btsndrc-ifce.fr\/wp-content\/uploads\/2026\/01\/Capture-decran-141-300x103.png 300w\" sizes=\"auto, (max-width: 457px) 100vw, 457px\" \/><\/figure>\n<\/div>\n<\/div>\n\n\n\n<figure class=\"wp-block-gallery has-nested-images columns-4 is-cropped wp-block-gallery-1 is-layout-flex wp-block-gallery-is-layout-flex\">\n<figure class=\"wp-block-image size-large\"><img loading=\"lazy\" decoding=\"async\" width=\"974\" height=\"607\" data-id=\"23\" src=\"https:\/\/wp05.btsndrc-ifce.fr\/wp-content\/uploads\/2026\/01\/Capture-decran-149.png\" alt=\"\" class=\"wp-image-23\" srcset=\"https:\/\/wp05.btsndrc-ifce.fr\/wp-content\/uploads\/2026\/01\/Capture-decran-149.png 974w, https:\/\/wp05.btsndrc-ifce.fr\/wp-content\/uploads\/2026\/01\/Capture-decran-149-300x187.png 300w, https:\/\/wp05.btsndrc-ifce.fr\/wp-content\/uploads\/2026\/01\/Capture-decran-149-768x479.png 768w\" sizes=\"auto, (max-width: 974px) 100vw, 974px\" \/><\/figure>\n\n\n\n<figure class=\"wp-block-image size-thumbnail\"><img decoding=\"async\" data-id=\"22\" src=\"https:\/\/wp05.btsndrc-ifce.fr\/wp-content\/uploads\/2026\/01\/Capture-decran-148-150x150.png\" alt=\"\" class=\"wp-image-22\"\/><\/figure>\n\n\n\n<figure class=\"wp-block-image size-large\"><img loading=\"lazy\" decoding=\"async\" width=\"963\" height=\"608\" data-id=\"21\" src=\"https:\/\/wp05.btsndrc-ifce.fr\/wp-content\/uploads\/2026\/01\/Capture-decran-147.png\" alt=\"\" class=\"wp-image-21\" srcset=\"https:\/\/wp05.btsndrc-ifce.fr\/wp-content\/uploads\/2026\/01\/Capture-decran-147.png 963w, https:\/\/wp05.btsndrc-ifce.fr\/wp-content\/uploads\/2026\/01\/Capture-decran-147-300x189.png 300w, https:\/\/wp05.btsndrc-ifce.fr\/wp-content\/uploads\/2026\/01\/Capture-decran-147-768x485.png 768w\" sizes=\"auto, (max-width: 963px) 100vw, 963px\" \/><\/figure>\n\n\n\n<figure class=\"wp-block-image size-large\"><img loading=\"lazy\" decoding=\"async\" width=\"977\" height=\"602\" data-id=\"20\" src=\"https:\/\/wp05.btsndrc-ifce.fr\/wp-content\/uploads\/2026\/01\/Capture-decran-146.png\" alt=\"\" class=\"wp-image-20\" srcset=\"https:\/\/wp05.btsndrc-ifce.fr\/wp-content\/uploads\/2026\/01\/Capture-decran-146.png 977w, https:\/\/wp05.btsndrc-ifce.fr\/wp-content\/uploads\/2026\/01\/Capture-decran-146-300x185.png 300w, https:\/\/wp05.btsndrc-ifce.fr\/wp-content\/uploads\/2026\/01\/Capture-decran-146-768x473.png 768w\" sizes=\"auto, (max-width: 977px) 100vw, 977px\" \/><\/figure>\n\n\n\n<figure class=\"wp-block-image size-large\"><img decoding=\"async\" data-id=\"19\" src=\"https:\/\/wp05.btsndrc-ifce.fr\/wp-content\/uploads\/2026\/01\/Capture-decran-145.png\" alt=\"\" class=\"wp-image-19\"\/><\/figure>\n\n\n\n<figure class=\"wp-block-image size-large\"><img loading=\"lazy\" decoding=\"async\" width=\"455\" height=\"281\" data-id=\"18\" src=\"https:\/\/wp05.btsndrc-ifce.fr\/wp-content\/uploads\/2026\/01\/Capture-decran-143.png\" alt=\"\" class=\"wp-image-18\" srcset=\"https:\/\/wp05.btsndrc-ifce.fr\/wp-content\/uploads\/2026\/01\/Capture-decran-143.png 455w, https:\/\/wp05.btsndrc-ifce.fr\/wp-content\/uploads\/2026\/01\/Capture-decran-143-300x185.png 300w\" sizes=\"auto, (max-width: 455px) 100vw, 455px\" \/><\/figure>\n\n\n\n<figure class=\"wp-block-image size-large\"><img loading=\"lazy\" decoding=\"async\" width=\"452\" height=\"281\" data-id=\"17\" src=\"https:\/\/wp05.btsndrc-ifce.fr\/wp-content\/uploads\/2026\/01\/Capture-decran-142.png\" alt=\"\" class=\"wp-image-17\" srcset=\"https:\/\/wp05.btsndrc-ifce.fr\/wp-content\/uploads\/2026\/01\/Capture-decran-142.png 452w, https:\/\/wp05.btsndrc-ifce.fr\/wp-content\/uploads\/2026\/01\/Capture-decran-142-300x187.png 300w\" sizes=\"auto, (max-width: 452px) 100vw, 452px\" \/><\/figure>\n\n\n\n<figure class=\"wp-block-image size-large\"><img loading=\"lazy\" decoding=\"async\" width=\"454\" height=\"283\" data-id=\"16\" src=\"https:\/\/wp05.btsndrc-ifce.fr\/wp-content\/uploads\/2026\/01\/Capture-decran-144.png\" alt=\"\" class=\"wp-image-16\" srcset=\"https:\/\/wp05.btsndrc-ifce.fr\/wp-content\/uploads\/2026\/01\/Capture-decran-144.png 454w, https:\/\/wp05.btsndrc-ifce.fr\/wp-content\/uploads\/2026\/01\/Capture-decran-144-300x187.png 300w\" sizes=\"auto, (max-width: 454px) 100vw, 454px\" \/><\/figure>\n<\/figure>\n\n\n\n<p>Nos points forts<\/p>\n\n\n\n<div class=\"wp-block-columns is-layout-flex wp-container-core-columns-is-layout-28f84493 wp-block-columns-is-layout-flex\">\n<div class=\"wp-block-column is-layout-flow wp-block-column-is-layout-flow\">\n<div class=\"wp-block-columns is-layout-flex wp-container-core-columns-is-layout-28f84493 wp-block-columns-is-layout-flex\">\n<div class=\"wp-block-column is-layout-flow wp-block-column-is-layout-flow\">\n<div class=\"wp-block-columns is-layout-flex wp-container-core-columns-is-layout-28f84493 wp-block-columns-is-layout-flex\">\n<div class=\"wp-block-column is-layout-flow wp-block-column-is-layout-flow\">\n<div class=\"wp-block-columns is-layout-flex wp-container-core-columns-is-layout-28f84493 wp-block-columns-is-layout-flex\">\n<div class=\"wp-block-column is-layout-flow wp-block-column-is-layout-flow\">\n<div class=\"wp-block-columns is-layout-flex wp-container-core-columns-is-layout-28f84493 wp-block-columns-is-layout-flex\">\n<div class=\"wp-block-column is-layout-flow wp-block-column-is-layout-flow\">\n<div class=\"wp-block-columns is-layout-flex wp-container-core-columns-is-layout-28f84493 wp-block-columns-is-layout-flex\">\n<div class=\"wp-block-column is-layout-flow wp-block-column-is-layout-flow\">\n<div class=\"wp-block-font-awesome-icon wp-font-awesome-icon\"><svg aria-hidden=\"true\" focusable=\"false\" data-prefix=\"fas\" data-icon=\"gear\" class=\"svg-inline--fa fa-gear \" role=\"img\" xmlns=\"http:\/\/www.w3.org\/2000\/svg\" viewBox=\"0 0 512 512\"><path fill=\"currentColor\" d=\"M195.1 9.5C198.1-5.3 211.2-16 226.4-16l59.8 0c15.2 0 28.3 10.7 31.3 25.5L332 79.5c14.1 6 27.3 13.7 39.3 22.8l67.8-22.5c14.4-4.8 30.2 1.2 37.8 14.4l29.9 51.8c7.6 13.2 4.9 29.8-6.5 39.9L447 233.3c.9 7.4 1.3 15 1.3 22.7s-.5 15.3-1.3 22.7l53.4 47.5c11.4 10.1 14 26.8 6.5 39.9l-29.9 51.8c-7.6 13.1-23.4 19.2-37.8 14.4l-67.8-22.5c-12.1 9.1-25.3 16.7-39.3 22.8l-14.4 69.9c-3.1 14.9-16.2 25.5-31.3 25.5l-59.8 0c-15.2 0-28.3-10.7-31.3-25.5l-14.4-69.9c-14.1-6-27.2-13.7-39.3-22.8L73.5 432.3c-14.4 4.8-30.2-1.2-37.8-14.4L5.8 366.1c-7.6-13.2-4.9-29.8 6.5-39.9l53.4-47.5c-.9-7.4-1.3-15-1.3-22.7s.5-15.3 1.3-22.7L12.3 185.8c-11.4-10.1-14-26.8-6.5-39.9L35.7 94.1c7.6-13.2 23.4-19.2 37.8-14.4l67.8 22.5c12.1-9.1 25.3-16.7 39.3-22.8L195.1 9.5zM256.3 336a80 80 0 1 0 -.6-160 80 80 0 1 0 .6 160z\"><\/path><\/svg><\/div>\n<\/div>\n\n\n\n<div class=\"wp-block-column is-layout-flow wp-block-column-is-layout-flow\"><\/div>\n<\/div>\n<\/div>\n\n\n\n<div class=\"wp-block-column is-layout-flow wp-block-column-is-layout-flow\"><\/div>\n<\/div>\n<\/div>\n\n\n\n<div class=\"wp-block-column is-layout-flow wp-block-column-is-layout-flow\" style=\"flex-basis:300px\">\n<p><\/p>\n<\/div>\n<\/div>\n<\/div>\n<\/div>\n<\/div>\n\n\n\n<div class=\"wp-block-column is-layout-flow wp-block-column-is-layout-flow\"><\/div>\n\n\n\n<div class=\"wp-block-column is-layout-flow wp-block-column-is-layout-flow\"><\/div>\n<\/div>\n<\/div>\n\n\n\n<div class=\"wp-block-column is-layout-flow wp-block-column-is-layout-flow\">\n<div class=\"wp-block-columns is-layout-flex wp-container-core-columns-is-layout-28f84493 wp-block-columns-is-layout-flex\">\n<div class=\"wp-block-column is-layout-flow wp-block-column-is-layout-flow\"><\/div>\n\n\n\n<div class=\"wp-block-column is-layout-flow wp-block-column-is-layout-flow\"><\/div>\n\n\n\n<div class=\"wp-block-column is-layout-flow wp-block-column-is-layout-flow\"><\/div>\n\n\n\n<div class=\"wp-block-column is-layout-flow wp-block-column-is-layout-flow\"><\/div>\n<\/div>\n<\/div>\n<\/div>\n\n\n\n<p><\/p>\n","protected":false},"excerpt":{"rendered":"<p>Introduction Bienvenue sur cette page mod\u00e8le. Elle pr\u00e9sente les blocs essentiels \u00e0 utiliser sur WordPress : titres, texte, tableaux, citations, [&hellip;]<\/p>\n","protected":false},"author":1,"featured_media":0,"parent":0,"menu_order":0,"comment_status":"closed","ping_status":"closed","template":"","meta":{"_uag_custom_page_level_css":"","site-sidebar-layout":"default","site-content-layout":"","ast-site-content-layout":"default","site-content-style":"default","site-sidebar-style":"default","ast-global-header-display":"","ast-banner-title-visibility":"","ast-main-header-display":"","ast-hfb-above-header-display":"","ast-hfb-below-header-display":"","ast-hfb-mobile-header-display":"","site-post-title":"","ast-breadcrumbs-content":"","ast-featured-img":"","footer-sml-layout":"","ast-disable-related-posts":"","theme-transparent-header-meta":"","adv-header-id-meta":"","stick-header-meta":"","header-above-stick-meta":"","header-main-stick-meta":"","header-below-stick-meta":"","astra-migrate-meta-layouts":"default","ast-page-background-enabled":"default","ast-page-background-meta":{"desktop":{"background-color":"var(--ast-global-color-5)","background-image":"","background-repeat":"repeat","background-position":"center center","background-size":"auto","background-attachment":"scroll","background-type":"","background-media":"","overlay-type":"","overlay-color":"","overlay-opacity":"","overlay-gradient":""},"tablet":{"background-color":"","background-image":"","background-repeat":"repeat","background-position":"center center","background-size":"auto","background-attachment":"scroll","background-type":"","background-media":"","overlay-type":"","overlay-color":"","overlay-opacity":"","overlay-gradient":""},"mobile":{"background-color":"","background-image":"","background-repeat":"repeat","background-position":"center center","background-size":"auto","background-attachment":"scroll","background-type":"","background-media":"","overlay-type":"","overlay-color":"","overlay-opacity":"","overlay-gradient":""}},"ast-content-background-meta":{"desktop":{"background-color":"var(--ast-global-color-4)","background-image":"","background-repeat":"repeat","background-position":"center center","background-size":"auto","background-attachment":"scroll","background-type":"","background-media":"","overlay-type":"","overlay-color":"","overlay-opacity":"","overlay-gradient":""},"tablet":{"background-color":"var(--ast-global-color-4)","background-image":"","background-repeat":"repeat","background-position":"center center","background-size":"auto","background-attachment":"scroll","background-type":"","background-media":"","overlay-type":"","overlay-color":"","overlay-opacity":"","overlay-gradient":""},"mobile":{"background-color":"var(--ast-global-color-4)","background-image":"","background-repeat":"repeat","background-position":"center center","background-size":"auto","background-attachment":"scroll","background-type":"","background-media":"","overlay-type":"","overlay-color":"","overlay-opacity":"","overlay-gradient":""}},"footnotes":""},"class_list":["post-11","page","type-page","status-publish","hentry"],"yoast_head":"<!-- This site is optimized with the Yoast SEO plugin v27.2 - https:\/\/yoast.com\/product\/yoast-seo-wordpress\/ -->\n<title>Exercice 1 - BTS NDRC - WordPress wp05<\/title>\n<meta name=\"robots\" content=\"index, follow, max-snippet:-1, max-image-preview:large, max-video-preview:-1\" \/>\n<link rel=\"canonical\" href=\"https:\/\/wp05.btsndrc-ifce.fr\/?page_id=11\" \/>\n<meta property=\"og:locale\" content=\"fr_FR\" \/>\n<meta property=\"og:type\" content=\"article\" \/>\n<meta property=\"og:title\" content=\"Exercice 1 - BTS NDRC - WordPress wp05\" \/>\n<meta property=\"og:description\" content=\"Introduction Bienvenue sur cette page mod\u00e8le. Elle pr\u00e9sente les blocs essentiels \u00e0 utiliser sur WordPress : titres, texte, tableaux, citations, [&hellip;]\" \/>\n<meta property=\"og:url\" content=\"https:\/\/wp05.btsndrc-ifce.fr\/?page_id=11\" \/>\n<meta property=\"og:site_name\" content=\"BTS NDRC - WordPress wp05\" \/>\n<meta property=\"article:modified_time\" content=\"2026-01-29T15:29:09+00:00\" \/>\n<meta property=\"og:image\" content=\"https:\/\/wp05.btsndrc-ifce.fr\/wp-content\/uploads\/2026\/01\/Capture-decran-139-1.png\" \/>\n<meta name=\"twitter:card\" content=\"summary_large_image\" \/>\n<meta name=\"twitter:label1\" content=\"Dur\u00e9e de lecture estim\u00e9e\" \/>\n\t<meta name=\"twitter:data1\" content=\"1 minute\" \/>\n<script type=\"application\/ld+json\" class=\"yoast-schema-graph\">{\"@context\":\"https:\/\/schema.org\",\"@graph\":[{\"@type\":\"WebPage\",\"@id\":\"https:\/\/wp05.btsndrc-ifce.fr\/?page_id=11\",\"url\":\"https:\/\/wp05.btsndrc-ifce.fr\/?page_id=11\",\"name\":\"Exercice 1 - BTS NDRC - WordPress wp05\",\"isPartOf\":{\"@id\":\"https:\/\/wp05.btsndrc-ifce.fr\/#website\"},\"primaryImageOfPage\":{\"@id\":\"https:\/\/wp05.btsndrc-ifce.fr\/?page_id=11#primaryimage\"},\"image\":{\"@id\":\"https:\/\/wp05.btsndrc-ifce.fr\/?page_id=11#primaryimage\"},\"thumbnailUrl\":\"https:\/\/wp05.btsndrc-ifce.fr\/wp-content\/uploads\/2026\/01\/Capture-decran-139-1.png\",\"datePublished\":\"2026-01-22T13:51:46+00:00\",\"dateModified\":\"2026-01-29T15:29:09+00:00\",\"breadcrumb\":{\"@id\":\"https:\/\/wp05.btsndrc-ifce.fr\/?page_id=11#breadcrumb\"},\"inLanguage\":\"fr-FR\",\"potentialAction\":[{\"@type\":\"ReadAction\",\"target\":[\"https:\/\/wp05.btsndrc-ifce.fr\/?page_id=11\"]}]},{\"@type\":\"ImageObject\",\"inLanguage\":\"fr-FR\",\"@id\":\"https:\/\/wp05.btsndrc-ifce.fr\/?page_id=11#primaryimage\",\"url\":\"https:\/\/wp05.btsndrc-ifce.fr\/wp-content\/uploads\/2026\/01\/Capture-decran-139-1.png\",\"contentUrl\":\"https:\/\/wp05.btsndrc-ifce.fr\/wp-content\/uploads\/2026\/01\/Capture-decran-139-1.png\",\"width\":834,\"height\":603},{\"@type\":\"BreadcrumbList\",\"@id\":\"https:\/\/wp05.btsndrc-ifce.fr\/?page_id=11#breadcrumb\",\"itemListElement\":[{\"@type\":\"ListItem\",\"position\":1,\"name\":\"Accueil\",\"item\":\"https:\/\/wp05.btsndrc-ifce.fr\/\"},{\"@type\":\"ListItem\",\"position\":2,\"name\":\"Exercice 1\"}]},{\"@type\":\"WebSite\",\"@id\":\"https:\/\/wp05.btsndrc-ifce.fr\/#website\",\"url\":\"https:\/\/wp05.btsndrc-ifce.fr\/\",\"name\":\"BTS NDRC - WordPress wp05\",\"description\":\"\",\"potentialAction\":[{\"@type\":\"SearchAction\",\"target\":{\"@type\":\"EntryPoint\",\"urlTemplate\":\"https:\/\/wp05.btsndrc-ifce.fr\/?s={search_term_string}\"},\"query-input\":{\"@type\":\"PropertyValueSpecification\",\"valueRequired\":true,\"valueName\":\"search_term_string\"}}],\"inLanguage\":\"fr-FR\"}]}<\/script>\n<!-- \/ Yoast SEO plugin. -->","yoast_head_json":{"title":"Exercice 1 - BTS NDRC - WordPress wp05","robots":{"index":"index","follow":"follow","max-snippet":"max-snippet:-1","max-image-preview":"max-image-preview:large","max-video-preview":"max-video-preview:-1"},"canonical":"https:\/\/wp05.btsndrc-ifce.fr\/?page_id=11","og_locale":"fr_FR","og_type":"article","og_title":"Exercice 1 - BTS NDRC - WordPress wp05","og_description":"Introduction Bienvenue sur cette page mod\u00e8le. Elle pr\u00e9sente les blocs essentiels \u00e0 utiliser sur WordPress : titres, texte, tableaux, citations, [&hellip;]","og_url":"https:\/\/wp05.btsndrc-ifce.fr\/?page_id=11","og_site_name":"BTS NDRC - WordPress wp05","article_modified_time":"2026-01-29T15:29:09+00:00","og_image":[{"url":"https:\/\/wp05.btsndrc-ifce.fr\/wp-content\/uploads\/2026\/01\/Capture-decran-139-1.png","type":"","width":"","height":""}],"twitter_card":"summary_large_image","twitter_misc":{"Dur\u00e9e de lecture estim\u00e9e":"1 minute"},"schema":{"@context":"https:\/\/schema.org","@graph":[{"@type":"WebPage","@id":"https:\/\/wp05.btsndrc-ifce.fr\/?page_id=11","url":"https:\/\/wp05.btsndrc-ifce.fr\/?page_id=11","name":"Exercice 1 - BTS NDRC - WordPress wp05","isPartOf":{"@id":"https:\/\/wp05.btsndrc-ifce.fr\/#website"},"primaryImageOfPage":{"@id":"https:\/\/wp05.btsndrc-ifce.fr\/?page_id=11#primaryimage"},"image":{"@id":"https:\/\/wp05.btsndrc-ifce.fr\/?page_id=11#primaryimage"},"thumbnailUrl":"https:\/\/wp05.btsndrc-ifce.fr\/wp-content\/uploads\/2026\/01\/Capture-decran-139-1.png","datePublished":"2026-01-22T13:51:46+00:00","dateModified":"2026-01-29T15:29:09+00:00","breadcrumb":{"@id":"https:\/\/wp05.btsndrc-ifce.fr\/?page_id=11#breadcrumb"},"inLanguage":"fr-FR","potentialAction":[{"@type":"ReadAction","target":["https:\/\/wp05.btsndrc-ifce.fr\/?page_id=11"]}]},{"@type":"ImageObject","inLanguage":"fr-FR","@id":"https:\/\/wp05.btsndrc-ifce.fr\/?page_id=11#primaryimage","url":"https:\/\/wp05.btsndrc-ifce.fr\/wp-content\/uploads\/2026\/01\/Capture-decran-139-1.png","contentUrl":"https:\/\/wp05.btsndrc-ifce.fr\/wp-content\/uploads\/2026\/01\/Capture-decran-139-1.png","width":834,"height":603},{"@type":"BreadcrumbList","@id":"https:\/\/wp05.btsndrc-ifce.fr\/?page_id=11#breadcrumb","itemListElement":[{"@type":"ListItem","position":1,"name":"Accueil","item":"https:\/\/wp05.btsndrc-ifce.fr\/"},{"@type":"ListItem","position":2,"name":"Exercice 1"}]},{"@type":"WebSite","@id":"https:\/\/wp05.btsndrc-ifce.fr\/#website","url":"https:\/\/wp05.btsndrc-ifce.fr\/","name":"BTS NDRC - WordPress wp05","description":"","potentialAction":[{"@type":"SearchAction","target":{"@type":"EntryPoint","urlTemplate":"https:\/\/wp05.btsndrc-ifce.fr\/?s={search_term_string}"},"query-input":{"@type":"PropertyValueSpecification","valueRequired":true,"valueName":"search_term_string"}}],"inLanguage":"fr-FR"}]}},"uagb_featured_image_src":{"full":false,"thumbnail":false,"medium":false,"medium_large":false,"large":false,"1536x1536":false,"2048x2048":false},"uagb_author_info":{"display_name":"ndrc_wp05","author_link":"https:\/\/wp05.btsndrc-ifce.fr\/?author=1"},"uagb_comment_info":0,"uagb_excerpt":"Introduction Bienvenue sur cette page mod\u00e8le. Elle pr\u00e9sente les blocs essentiels \u00e0 utiliser sur WordPress : titres, texte, tableaux, citations, [&hellip;]","_links":{"self":[{"href":"https:\/\/wp05.btsndrc-ifce.fr\/index.php?rest_route=\/wp\/v2\/pages\/11","targetHints":{"allow":["GET"]}}],"collection":[{"href":"https:\/\/wp05.btsndrc-ifce.fr\/index.php?rest_route=\/wp\/v2\/pages"}],"about":[{"href":"https:\/\/wp05.btsndrc-ifce.fr\/index.php?rest_route=\/wp\/v2\/types\/page"}],"author":[{"embeddable":true,"href":"https:\/\/wp05.btsndrc-ifce.fr\/index.php?rest_route=\/wp\/v2\/users\/1"}],"replies":[{"embeddable":true,"href":"https:\/\/wp05.btsndrc-ifce.fr\/index.php?rest_route=%2Fwp%2Fv2%2Fcomments&post=11"}],"version-history":[{"count":5,"href":"https:\/\/wp05.btsndrc-ifce.fr\/index.php?rest_route=\/wp\/v2\/pages\/11\/revisions"}],"predecessor-version":[{"id":35,"href":"https:\/\/wp05.btsndrc-ifce.fr\/index.php?rest_route=\/wp\/v2\/pages\/11\/revisions\/35"}],"wp:attachment":[{"href":"https:\/\/wp05.btsndrc-ifce.fr\/index.php?rest_route=%2Fwp%2Fv2%2Fmedia&parent=11"}],"curies":[{"name":"wp","href":"https:\/\/api.w.org\/{rel}","templated":true}]}}